{"id":484,"date":"2021-04-22T11:49:50","date_gmt":"2021-04-22T09:49:50","guid":{"rendered":"https:\/\/www.spkeramik42.com\/?page_id=484"},"modified":"2021-04-22T11:49:51","modified_gmt":"2021-04-22T09:49:51","slug":"zahlungsmoeglichkeiten","status":"publish","type":"page","link":"https:\/\/www.spkeramik42.com\/?page_id=484","title":{"rendered":"Zahlungsm\u00f6glichkeiten"},"content":{"rendered":"\n[et_pb_section fb_built=&#8220;1&#8243; _builder_version=&#8220;4.9.4&#8243; _module_preset=&#8220;default&#8220;][et_pb_row _builder_version=&#8220;4.9.4&#8243; _module_preset=&#8220;default&#8220;][et_pb_column type=&#8220;4_4&#8243; _builder_version=&#8220;4.9.4&#8243; _module_preset=&#8220;default&#8220;][et_pb_text _builder_version=&#8220;4.9.4&#8243; _module_preset=&#8220;default&#8220;]<h1>Zahlungsm\u00f6glichkeiten<\/h1>\n<p>&nbsp;<\/p>\n<h4>Direkte Bank\u00fcberweisung<\/h4>\n<p>\u00dcberweise direkt an unsere Bankverbindung. Bitte nutze die Bestellnummer als Verwendungszweck. Deine Bestellung wird erst nach Geldeingang auf unserem Konto versandt.<\/p>\n<p>&nbsp;<\/p>\n<h4>PayPal<\/h4>\n<p>Mit Paypal bezahlen. Solltest du keinen Paypal-Account besitzen, kannst du auch mit deiner Kreditkarte bezahlen.<\/p>[\/et_pb_text][\/et_pb_column][\/et_pb_row][\/et_pb_section]\n","protected":false},"excerpt":{"rendered":"<p>Zahlungsm\u00f6glichkeiten &nbsp; Direkte Bank\u00fcberweisung \u00dcberweise direkt an unsere Bankverbindung. Bitte nutze die Bestellnummer als Verwendungszweck. Deine Bestellung wird erst nach Geldeingang auf unserem Konto versandt. &nbsp; PayPal Mit Paypal bezahlen. Solltest du keinen Paypal-Account besitzen, kannst du auch mit deiner Kreditkarte bezahlen.<\/p>\n","protected":false},"author":1,"featured_media":0,"parent":0,"menu_order":0,"comment_status":"closed","ping_status":"closed","template":"","meta":{"_et_pb_use_builder":"on","_et_pb_old_content":"","_et_gb_content_width":"","footnotes":""},"class_list":["post-484","page","type-page","status-publish","hentry"],"_links":{"self":[{"href":"https:\/\/www.spkeramik42.com\/index.php?rest_route=\/wp\/v2\/pages\/484","targetHints":{"allow":["GET"]}}],"collection":[{"href":"https:\/\/www.spkeramik42.com\/index.php?rest_route=\/wp\/v2\/pages"}],"about":[{"href":"https:\/\/www.spkeramik42.com\/index.php?rest_route=\/wp\/v2\/types\/page"}],"author":[{"embeddable":true,"href":"https:\/\/www.spkeramik42.com\/index.php?rest_route=\/wp\/v2\/users\/1"}],"replies":[{"embeddable":true,"href":"https:\/\/www.spkeramik42.com\/index.php?rest_route=%2Fwp%2Fv2%2Fcomments&post=484"}],"version-history":[{"count":4,"href":"https:\/\/www.spkeramik42.com\/index.php?rest_route=\/wp\/v2\/pages\/484\/revisions"}],"predecessor-version":[{"id":492,"href":"https:\/\/www.spkeramik42.com\/index.php?rest_route=\/wp\/v2\/pages\/484\/revisions\/492"}],"wp:attachment":[{"href":"https:\/\/www.spkeramik42.com\/index.php?rest_route=%2Fwp%2Fv2%2Fmedia&parent=484"}],"curies":[{"name":"wp","href":"https:\/\/api.w.org\/{rel}","templated":true}]}}