{"id":30,"date":"2021-02-06T09:13:47","date_gmt":"2021-02-06T08:13:47","guid":{"rendered":"https:\/\/www.spkeramik42.com\/?page_id=30"},"modified":"2025-11-16T11:41:16","modified_gmt":"2025-11-16T10:41:16","slug":"agb","status":"publish","type":"page","link":"https:\/\/www.spkeramik42.com\/?page_id=30","title":{"rendered":"AGB"},"content":{"rendered":"<p>[et_pb_section fb_built=&#8220;1&#8243; _builder_version=&#8220;4.9.2&#8243; _module_preset=&#8220;default&#8220;][et_pb_row _builder_version=&#8220;4.9.2&#8243; _module_preset=&#8220;default&#8220;][et_pb_column _builder_version=&#8220;4.9.2&#8243; _module_preset=&#8220;default&#8220; type=&#8220;4_4&#8243;][et_pb_text _builder_version=&#8220;4.9.2&#8243; _module_preset=&#8220;default&#8220; hover_enabled=&#8220;0&#8243; sticky_enabled=&#8220;0&#8243;]<\/p>\n<h1>Allgemeine Gesch\u00e4ftsbedingungen (AGB)<\/h1>\n<p>[\/et_pb_text][et_pb_text _module_preset=&#8220;default&#8220;]<\/p>\n<div class=\"woocommerce woocommerce-gzd woocommerce-gzd-complaints-shortcode\">\n\t\t\t<h3>Alternative Streitbeilegung gem\u00e4\u00df Art. 14 Abs. 1 ODR-VO und \u00a7 36 VSBG:<\/h3>\n\t\nZur Teilnahme an einem Streitbeilegungsverfahren vor einer Verbraucherschlichtungsstelle sind wir nicht verpflichtet und nicht bereit.<\/div>\n<p>[\/et_pb_text][\/et_pb_column][\/et_pb_row][et_pb_row _builder_version=&#8220;4.9.2&#8243; _module_preset=&#8220;default&#8220;][et_pb_column _builder_version=&#8220;4.9.2&#8243; _module_preset=&#8220;default&#8220; type=&#8220;4_4&#8243;][et_pb_code _builder_version=&#8220;4.9.2&#8243; _module_preset=&#8220;default&#8220; hover_enabled=&#8220;0&#8243; sticky_enabled=&#8220;0&#8243;]Allgemeine Gesch\u00e4ftsbedingungen der Firma SPKeramik<!\u2013- [et_pb_br_holder] -\u2013><!-- [et_pb_line_break_holder] --><!-- [et_pb_line_break_holder] --><!\u2013- [et_pb_br_holder] -\u2013><!-- [et_pb_line_break_holder] --><pee style=\"font-weight: bold; padding-bottom: 10px;\">\u00a71 Geltung gegen\u00fcber Unternehmern und Begriffsdefinitionen<\/pee><!-- [et_pb_line_break_holder] -->(1) Die nachfolgenden Allgemeinen Gesch\u00e4ftbedingungen gelten f\u00fcr alle Lieferungen zwischen uns und einem Verbraucher<!-- [et_pb_line_break_holder] -->in ihrer zum Zeitpunkt der Bestellung g\u00fcltigen Fassung.<!\u2013- [et_pb_br_holder] -\u2013><!-- [et_pb_line_break_holder] --><!\u2013- [et_pb_br_holder] -\u2013><!-- [et_pb_line_break_holder] -->Verbraucher ist jede nat\u00fcrliche Person, die ein Rechtsgesch\u00e4ft zu Zwecken abschlie\u00dft, die \u00fcberwiegend weder<!-- [et_pb_line_break_holder] -->ihrer gewerblichen noch ihrer selbst\u00e4ndigen beruflichen T\u00e4tigkeit zugerechnet werden k\u00f6nnen (\u00a7 13 BGB).<!-- [et_pb_line_break_holder] --><!\u2013- [et_pb_br_holder] -\u2013><!-- [et_pb_line_break_holder] --><!-- [et_pb_line_break_holder] -->    <!\u2013- [et_pb_br_holder] -\u2013><!-- [et_pb_line_break_holder] --><pee style=\"font-weight: bold; padding-bottom: 10px;\">\u00a72 Zustandekommen eines Vertrages, Speicherung des Vertragstextes<\/pee><!-- [et_pb_line_break_holder] -->(1) Die folgenden Regelungen \u00fcber den Vertragsabschluss gelten f\u00fcr Bestellungen \u00fcber unseren Internetshop https:\/\/www.spkeramik42.com .<!\u2013- [et_pb_br_holder] -\u2013><!-- [et_pb_line_break_holder] --><!\u2013- [et_pb_br_holder] -\u2013><!-- [et_pb_line_break_holder] --><b>(2) Im Falle des Vertragsschlusses kommt der Vertrag mit<!\u2013- [et_pb_br_holder] -\u2013><!-- [et_pb_line_break_holder] --><!-- [et_pb_line_break_holder] --><\/p>\n<div style=\"font-weight: bold; margin-left: 20px;\" ><!-- [et_pb_line_break_holder] --><!\u2013- [et_pb_br_holder] -\u2013><!-- [et_pb_line_break_holder] -->SPKeramik<!\u2013- [et_pb_br_holder] -\u2013><!-- [et_pb_line_break_holder] -->Sarah Porsch<!\u2013- [et_pb_br_holder] -\u2013><!-- [et_pb_line_break_holder] -->Am Neuseser Weinberg 9<!\u2013- [et_pb_br_holder] -\u2013><!-- [et_pb_line_break_holder] -->D-63579 Freigericht<!\u2013- [et_pb_br_holder] -\u2013><!-- [et_pb_line_break_holder] -->Registernummer <!\u2013- [et_pb_br_holder] -\u2013><!-- [et_pb_line_break_holder] -->Registergericht <!\u2013- [et_pb_br_holder] -\u2013><!-- [et_pb_line_break_holder] --><!\u2013- [et_pb_br_holder] -\u2013><!-- [et_pb_line_break_holder] --><\/div>\n<p><!-- [et_pb_line_break_holder] -->zustande.<!\u2013- [et_pb_br_holder] -\u2013><\/b><!-- [et_pb_line_break_holder] --><!\u2013- [et_pb_br_holder] -\u2013><!-- [et_pb_line_break_holder] -->(3) Die Pr\u00e4sentation der Waren in unserem Internetshop stellen kein rechtlich bindendes Vertragsangebot unsererseits dar,<!-- [et_pb_line_break_holder] -->sondern sind nur eine unverbindliche Aufforderungen an den Verbraucher, Waren zu bestellen. Mit der Bestellung der gew\u00fcnschten Ware gibt der Verbraucher ein f\u00fcr<!-- [et_pb_line_break_holder] -->ihn verbindliches Angebot auf Abschluss eines Kaufvertrages ab.<!\u2013- [et_pb_br_holder] -\u2013><!-- [et_pb_line_break_holder] -->(4) Bei Eingang einer Bestellung in unserem Internetshop gelten folgende Regelungen:<!-- [et_pb_line_break_holder] -->Der Verbraucher gibt ein bindendes Vertragsangebot ab, indem er die in unserem Internetshop vorgesehene Bestellprozedur erfolgreich durchl\u00e4uft.<!\u2013- [et_pb_br_holder] -\u2013><!-- [et_pb_line_break_holder] --><!\u2013- [et_pb_br_holder] -\u2013><!-- [et_pb_line_break_holder] -->Die Bestellung erfolgt in folgenden Schritten:<!\u2013- [et_pb_br_holder] -\u2013><!-- [et_pb_line_break_holder] --><!\u2013- [et_pb_br_holder] -\u2013><!-- [et_pb_line_break_holder] --><\/p>\n<div class=\"ml20\"><!-- [et_pb_line_break_holder] -->     <!-- [et_pb_line_break_holder] -->    1) Auswahl der gew\u00fcnschten Ware<!\u2013- [et_pb_br_holder] -\u2013> <!-- [et_pb_line_break_holder] -->     <!-- [et_pb_line_break_holder] -->    2) Best\u00e4tigen durch Anklicken der Buttons \u201eIn den Warenkorb\u201c<!\u2013- [et_pb_br_holder] -\u2013> <!-- [et_pb_line_break_holder] -->     <!-- [et_pb_line_break_holder] -->    3) Pr\u00fcfung der Angaben im Warenkorb<!\u2013- [et_pb_br_holder] -\u2013> <!-- [et_pb_line_break_holder] -->     <!-- [et_pb_line_break_holder] -->    4) Bet\u00e4tigung des Buttons \u201eWeiter zur Kasse\u201c <!\u2013- [et_pb_br_holder] -\u2013> <!-- [et_pb_line_break_holder] -->     <!-- [et_pb_line_break_holder] -->    5) Angabe der pers\u00f6nlichen Daten in den Rechnungsdetails mit der M\u00f6glichkeit der Angabe der Versandadresse.  <!\u2013- [et_pb_br_holder] -\u2013> <!-- [et_pb_line_break_holder] -->     <!-- [et_pb_line_break_holder] -->    6) Zustimmung durch H\u00e4kchen bei &#8222;Mit deiner Bestellung erkl\u00e4rst du dich mit unseren Allgemeinen Gesch\u00e4ftsbedingungen, Widerrufsbestimmungen und Datenschutzbestimmungen&#8220;  <!\u2013- [et_pb_br_holder] -\u2013> <!-- [et_pb_line_break_holder] -->     <!-- [et_pb_line_break_holder] -->    7) Verbindliche Absendung der Bestellung durch Anklicken des Buttons \u201eJetzt kaufen\u201c<!\u2013- [et_pb_br_holder] -\u2013> <!-- [et_pb_line_break_holder] -->     <!-- [et_pb_line_break_holder] --><!\u2013- [et_pb_br_holder] -\u2013><!-- [et_pb_line_break_holder] --><\/div>\n<p><!-- [et_pb_line_break_holder] -->Der Verbraucher kann vor dem verbindlichen Absenden der Bestellung durch Bet\u00e4tigen der in dem von ihm verwendeten Internet-Browser enthaltenen \u201eZur\u00fcck\u201c-Taste nach<!-- [et_pb_line_break_holder] -->Kontrolle seiner Angaben wieder zu der Internetseite gelangen, auf der die Angaben des Kunden erfasst werden und Eingabefehler berichtigen bzw. durch Schlie\u00dfen des<!-- [et_pb_line_break_holder] -->Internetbrowsers den Bestellvorgang abbrechen.<!-- [et_pb_line_break_holder] -->Wir best\u00e4tigen den Eingang der Bestellung unmittelbar durch eine automatisch generierte E-Mail (\u201eAuftragsbest\u00e4tigung\u201c). Mit dieser nehmen wir Ihr Angebot an.<!-- [et_pb_line_break_holder] --><!\u2013- [et_pb_br_holder] -\u2013><!-- [et_pb_line_break_holder] --><!\u2013- [et_pb_br_holder] -\u2013><!-- [et_pb_line_break_holder] -->(5) Speicherung des Vertragstextes bei Bestellungen \u00fcber unseren Internetshop : Wir speichern den Vertragstext und senden Ihnen die Bestelldaten und unsere AGB per<!-- [et_pb_line_break_holder] -->E-Mail zu. Die AGB k\u00f6nnen Sie jederzeit auch unter https:\/\/www.spkeramik42.com\/?page_id=30  einsehen.<!-- [et_pb_line_break_holder] --><!-- [et_pb_line_break_holder] -->    Ihre vergangenen Bestellungen k\u00f6nnen Sie in unserem Kunden-Bereich unter Mein Konto &#8211;> Meine Bestellungen einsehen.<!\u2013- [et_pb_br_holder] -\u2013><!-- [et_pb_line_break_holder] --><!-- [et_pb_line_break_holder] --><!-- [et_pb_line_break_holder] -->    <!\u2013- [et_pb_br_holder] -\u2013><!-- [et_pb_line_break_holder] --><pee style=\"font-weight: bold; padding-bottom: 10px;\">\u00a73 Preise, Versandkosten, Zahlung, F\u00e4lligkeit<\/pee><!-- [et_pb_line_break_holder] -->(1) Die angegebenen Preise enthalten die gesetzliche Umsatzsteuer und sonstige Preisbestandteile. Hinzu kommen etwaige Versandkosten.<!\u2013- [et_pb_br_holder] -\u2013><!-- [et_pb_line_break_holder] --><!\u2013- [et_pb_br_holder] -\u2013><!-- [et_pb_line_break_holder] -->(2) Der Verbraucher hat die M\u00f6glichkeit der Zahlung per <!-- [et_pb_line_break_holder] -->            Vorkasse, <!-- [et_pb_line_break_holder] -->     <!-- [et_pb_line_break_holder] -->        <!-- [et_pb_line_break_holder] -->     <!-- [et_pb_line_break_holder] -->        <!-- [et_pb_line_break_holder] -->            PayPal <!-- [et_pb_line_break_holder] -->     <!-- [et_pb_line_break_holder] -->        <!-- [et_pb_line_break_holder] -->     <!-- [et_pb_line_break_holder] -->        <!-- [et_pb_line_break_holder] -->.<!\u2013- [et_pb_br_holder] -\u2013><!-- [et_pb_line_break_holder] --><!\u2013- [et_pb_br_holder] -\u2013><!-- [et_pb_line_break_holder] -->(3) Hat der Verbraucher die Zahlung per Vorkasse gew\u00e4hlt, so verpflichtet er sich, den Kaufpreis unverz\u00fcglich nach Vertragsschluss zu zahlen.<!\u2013- [et_pb_br_holder] -\u2013><!-- [et_pb_line_break_holder] --> <!-- [et_pb_line_break_holder] --><!-- [et_pb_line_break_holder] --><!\u2013- [et_pb_br_holder] -\u2013><!-- [et_pb_line_break_holder] --><pee style=\"font-weight: bold; padding-bottom: 10px;\">\u00a74 Lieferung<\/pee><!-- [et_pb_line_break_holder] -->(1) Sofern wir dies in der Produktbeschreibung nicht deutlich anders angegeben haben, sind alle von uns angebotenen Artikel sofort versandfertig.<!-- [et_pb_line_break_holder] -->Die Lieferung erfolgt hier sp\u00e4testen innerhalb von 5 Werktagen.<!-- [et_pb_line_break_holder] -->Dabei beginnt die Frist f\u00fcr die Lieferung im Falle der Zahlung per Vorkasse am Tag nach<!-- [et_pb_line_break_holder] -->Zahlungsauftrag an die mit der \u00dcberweisung beauftragte Bank und bei allen anderen Zahlungsarten am Tag nach Vertragsschluss zu laufen.<!-- [et_pb_line_break_holder] -->F\u00e4llt das Fristende auf einen Samstag, Sonntag oder gesetzlichen Feiertag am Lieferort, so endet die Frist am n\u00e4chsten Werktag.<!-- [et_pb_line_break_holder] --><!\u2013- [et_pb_br_holder] -\u2013><!\u2013- [et_pb_br_holder] -\u2013><!-- [et_pb_line_break_holder] --><!-- [et_pb_line_break_holder] -->(2) Die Gefahr des zuf\u00e4lligen Untergangs und der zuf\u00e4lligen Verschlechterung der<!-- [et_pb_line_break_holder] -->verkauften Sache geht auch beim Versendungskauf erst mit der \u00dcbergabe der Sache an den K\u00e4ufer auf diesen \u00fcber.  <!\u2013- [et_pb_br_holder] -\u2013><!-- [et_pb_line_break_holder] --><!-- [et_pb_line_break_holder] --><!-- [et_pb_line_break_holder] --><!\u2013- [et_pb_br_holder] -\u2013><!-- [et_pb_line_break_holder] --><pee style=\"font-weight: bold; padding-bottom: 10px;\">\u00a75 Eigentumsvorbehalt<\/pee><!-- [et_pb_line_break_holder] -->Wir behalten uns das Eigentum an der Ware bis zur vollst\u00e4ndigen Bezahlung des Kaufpreises vor. <!\u2013- [et_pb_br_holder] -\u2013><!-- [et_pb_line_break_holder] --><!-- [et_pb_line_break_holder] --><!-- [et_pb_line_break_holder] --><!-- [et_pb_line_break_holder] -->            <!\u2013- [et_pb_br_holder] -\u2013><!-- [et_pb_line_break_holder] --><!-- [et_pb_line_break_holder] -->****************************************************************************************************<!-- [et_pb_line_break_holder] --><!\u2013- [et_pb_br_holder] -\u2013><!-- [et_pb_line_break_holder] --><pee style=\"font-weight: bold; padding-bottom: 10px;\">\u00a76 Widerrufsrecht des Kunden als Verbraucher:<!-- [et_pb_line_break_holder] --><\/pee><!-- [et_pb_line_break_holder] --><!-- [et_pb_line_break_holder] --><b><!-- [et_pb_line_break_holder] -->    Widerrufsrecht f\u00fcr Verbraucher<\/b><!\u2013- [et_pb_br_holder] -\u2013><!-- [et_pb_line_break_holder] -->    <!\u2013- [et_pb_br_holder] -\u2013><!-- [et_pb_line_break_holder] -->    Verbrauchern steht ein Widerrufsrecht nach folgender Ma\u00dfgabe zu, wobei Verbraucher jede nat\u00fcrliche Person ist, die ein Rechtsgesch\u00e4ft zu Zwecken abschlie\u00dft,<!-- [et_pb_line_break_holder] -->    die \u00fcberwiegend weder ihrer gewerblichen noch ihrer selbst\u00e4ndigen beruflichen T\u00e4tigkeit zugerechnet werden k\u00f6nnen:<!-- [et_pb_line_break_holder] --><!-- [et_pb_line_break_holder] -->    <!\u2013- [et_pb_br_holder] -\u2013><!-- [et_pb_line_break_holder] -->    <!\u2013- [et_pb_br_holder] -\u2013><!-- [et_pb_line_break_holder] --><!-- [et_pb_line_break_holder] -->    <pee style=\"font-weight: bold; padding-bottom: 1px; text-align: center;\">Widerrufsbelehrung<\/pee><!-- [et_pb_line_break_holder] -->    <!\u2013- [et_pb_br_holder] -\u2013><!-- [et_pb_line_break_holder] -->    <b>Widerrufsrecht<\/b><!\u2013- [et_pb_br_holder] -\u2013><!-- [et_pb_line_break_holder] -->    <!\u2013- [et_pb_br_holder] -\u2013><!-- [et_pb_line_break_holder] -->    Sie haben das Recht, binnen vierzehn Tagen ohne Angabe von Gr\u00fcnden diesen Vertrag zu widerrufen.<!-- [et_pb_line_break_holder] -->    <!\u2013- [et_pb_br_holder] -\u2013><!-- [et_pb_line_break_holder] -->    <!\u2013- [et_pb_br_holder] -\u2013><!-- [et_pb_line_break_holder] -->    Die Widerrufsfrist betr\u00e4gt vierzehn Tage, ab dem Tag, an dem Sie oder ein von Ihnen benannter Dritter,<!-- [et_pb_line_break_holder] -->        der nicht der Bef\u00f6rderer ist, die Waren in Besitz genommen haben bzw. hat.<!-- [et_pb_line_break_holder] --><!-- [et_pb_line_break_holder] -->    <!\u2013- [et_pb_br_holder] -\u2013><!\u2013- [et_pb_br_holder] -\u2013><!-- [et_pb_line_break_holder] -->    Um Ihr Widerrufsrecht auszu\u00fcben, m\u00fcssen Sie uns<!\u2013- [et_pb_br_holder] -\u2013><!-- [et_pb_line_break_holder] -->    <\/p>\n<div style=\"margin-left:20px; margin-top: 5px; margin-bottom:5px;\"><!-- [et_pb_line_break_holder] -->        SPKeramik<!\u2013- [et_pb_br_holder] -\u2013><!-- [et_pb_line_break_holder] -->        Sarah Porsch<!\u2013- [et_pb_br_holder] -\u2013><!-- [et_pb_line_break_holder] -->        Am Neuseser Weinberg 9<!\u2013- [et_pb_br_holder] -\u2013><!-- [et_pb_line_break_holder] -->        D-63579 Freigericht<!\u2013- [et_pb_br_holder] -\u2013><!-- [et_pb_line_break_holder] -->        E-Mail info@spkeramik42.com<!\u2013- [et_pb_br_holder] -\u2013><!-- [et_pb_line_break_holder] -->            <\/div>\n<p><!-- [et_pb_line_break_holder] -->    mittels einer eindeutigen Erkl\u00e4rung (z.B. ein mit der Post versandter Brief, Telefax oder E-Mail) \u00fcber Ihren Entschluss,<!-- [et_pb_line_break_holder] -->    diesen Vertrag zu widerrufen, informieren. Sie k\u00f6nnen daf\u00fcr das beigef\u00fcgte Muster-Widerrufsformular verwenden, das jedoch nicht vorgeschrieben ist.<!-- [et_pb_line_break_holder] -->    <!\u2013- [et_pb_br_holder] -\u2013><!-- [et_pb_line_break_holder] -->    <!\u2013- [et_pb_br_holder] -\u2013><!-- [et_pb_line_break_holder] --><!-- [et_pb_line_break_holder] -->    <b>Widerrufsfolgen<\/b><!-- [et_pb_line_break_holder] -->    <!\u2013- [et_pb_br_holder] -\u2013><!\u2013- [et_pb_br_holder] -\u2013><!-- [et_pb_line_break_holder] -->    Wenn Sie diesen Vertrag widerrufen, haben wir Ihnen alle Zahlungen, die wir von Ihnen erhalten haben, einschlie\u00dflich der<!-- [et_pb_line_break_holder] -->    Lieferkosten (mit Ausnahme der zus\u00e4tzlichen Kosten, die sich daraus ergeben, dass Sie eine andere Art der Lieferung als<!-- [et_pb_line_break_holder] -->    die von uns angebotene, g\u00fcnstigste Standardlieferung gew\u00e4hlt haben), unverz\u00fcglich und sp\u00e4testens binnen vierzehn Tagen<!-- [et_pb_line_break_holder] -->    ab dem Tag zur\u00fcckzuzahlen, an dem die Mitteilung \u00fcber Ihren Widerruf dieses Vertrags bei uns eingegangen ist.<!-- [et_pb_line_break_holder] -->    F\u00fcr diese R\u00fcckzahlung verwenden wir dasselbe Zahlungsmittel, das Sie bei der urspr\u00fcnglichen Transaktion eingesetzt haben,<!-- [et_pb_line_break_holder] -->    es sei denn, mit Ihnen wurde ausdr\u00fccklich etwas anderes vereinbart; in keinem Fall werden Ihnen wegen dieser R\u00fcckzahlung Entgelte berechnet.<!-- [et_pb_line_break_holder] --><!\u2013- [et_pb_br_holder] -\u2013><!-- [et_pb_line_break_holder] --><!\u2013- [et_pb_br_holder] -\u2013><!-- [et_pb_line_break_holder] --><!-- [et_pb_line_break_holder] -->    Wir k\u00f6nnen die R\u00fcckzahlung verweigern, bis wir die Waren wieder zur\u00fcckerhalten haben oder bis Sie den Nachweis erbracht haben,<!-- [et_pb_line_break_holder] -->    dass Sie die Waren zur\u00fcckgesandt haben, je nachdem, welches der fr\u00fchere Zeitpunkt ist.<!-- [et_pb_line_break_holder] --><!\u2013- [et_pb_br_holder] -\u2013><!-- [et_pb_line_break_holder] --><!\u2013- [et_pb_br_holder] -\u2013><!-- [et_pb_line_break_holder] --><!-- [et_pb_line_break_holder] -->    Sie haben die Waren unverz\u00fcglich und in jedem Fall sp\u00e4testens binnen vierzehn Tagen ab dem Tag, an dem Sie uns \u00fcber den<!-- [et_pb_line_break_holder] -->    Widerruf dieses Vertrages unterrichten, an uns zur\u00fcckzusenden oder zu \u00fcbergeben. Die Frist ist gewahrt,<!-- [et_pb_line_break_holder] -->    wenn Sie die Waren vor Ablauf der Frist von vierzehn Tagen absenden.<!-- [et_pb_line_break_holder] -->    <!\u2013- [et_pb_br_holder] -\u2013><!-- [et_pb_line_break_holder] -->    <!\u2013- [et_pb_br_holder] -\u2013><!-- [et_pb_line_break_holder] --><!-- [et_pb_line_break_holder] -->Sie tragen die unmittelbaren Kosten der R\u00fccksendung der Waren.<!\u2013- [et_pb_br_holder] -\u2013><!-- [et_pb_line_break_holder] --><!\u2013- [et_pb_br_holder] -\u2013><!-- [et_pb_line_break_holder] --><!-- [et_pb_line_break_holder] -->    <!-- [et_pb_line_break_holder] -->    <b>Ende der Widerrufsbelehrung<\/b><!-- [et_pb_line_break_holder] --><!\u2013- [et_pb_br_holder] -\u2013><!-- [et_pb_line_break_holder] --><!\u2013- [et_pb_br_holder] -\u2013><!-- [et_pb_line_break_holder] -->****************************************************************************************************<!-- [et_pb_line_break_holder] --><!-- [et_pb_line_break_holder] --><!\u2013- [et_pb_br_holder] -\u2013><!-- [et_pb_line_break_holder] -->    <!-- [et_pb_line_break_holder] --><!-- [et_pb_line_break_holder] --><!-- [et_pb_line_break_holder] --><!-- [et_pb_line_break_holder] --><!-- [et_pb_line_break_holder] --><pee style=\"font-weight: bold; padding-bottom: 10px;\">\u00a77 Widerrufsformular<\/pee><!-- [et_pb_line_break_holder] --><!-- [et_pb_line_break_holder] --><pee style=\"text-align: center; font-weight: bold;\">Muster-Widerrufsformular<\/pee><!-- [et_pb_line_break_holder] -->(Wenn Sie den Vertrag widerrufen wollen, dann f\u00fcllen Sie bitte dieses Formular aus und senden Sie es zur\u00fcck.)<!\u2013- [et_pb_br_holder] -\u2013><!-- [et_pb_line_break_holder] --><\/p>\n<div style=\"border: 1px solid #000000;padding: 10px;\"><!-- [et_pb_line_break_holder] -->An :<!\u2013- [et_pb_br_holder] -\u2013><!-- [et_pb_line_break_holder] -->SPKeramik<!\u2013- [et_pb_br_holder] -\u2013><!-- [et_pb_line_break_holder] -->Sarah Porsch<!\u2013- [et_pb_br_holder] -\u2013><!-- [et_pb_line_break_holder] -->Am Neuseser Weinberg 9<!\u2013- [et_pb_br_holder] -\u2013><!-- [et_pb_line_break_holder] -->D-63579 Freigericht<!\u2013- [et_pb_br_holder] -\u2013><!-- [et_pb_line_break_holder] -->E-Mail info@spkeramik42.com<!\u2013- [et_pb_br_holder] -\u2013><!-- [et_pb_line_break_holder] --><!\u2013- [et_pb_br_holder] -\u2013><!-- [et_pb_line_break_holder] --><!-- [et_pb_line_break_holder] -->Hiermit widerrufe(n) ich\/wir (*) den von mir\/uns (*) abgeschlossenen Vertrag \u00fcber den Kauf der folgenden Waren (*)\/die Erbringung der folgenden Dienstleistung (*)<!\u2013- [et_pb_br_holder] -\u2013><!-- [et_pb_line_break_holder] --><!\u2013- [et_pb_br_holder] -\u2013><!-- [et_pb_line_break_holder] -->_____________________________________________________<!\u2013- [et_pb_br_holder] -\u2013><!-- [et_pb_line_break_holder] --><!\u2013- [et_pb_br_holder] -\u2013><!-- [et_pb_line_break_holder] -->Bestellt am (*)\/erhalten am (*)<!\u2013- [et_pb_br_holder] -\u2013><!-- [et_pb_line_break_holder] --><!\u2013- [et_pb_br_holder] -\u2013><!-- [et_pb_line_break_holder] -->__________________<!\u2013- [et_pb_br_holder] -\u2013><!-- [et_pb_line_break_holder] --><!\u2013- [et_pb_br_holder] -\u2013><!-- [et_pb_line_break_holder] -->Name des\/der Verbraucher(s)<!\u2013- [et_pb_br_holder] -\u2013><!-- [et_pb_line_break_holder] --><!\u2013- [et_pb_br_holder] -\u2013><!-- [et_pb_line_break_holder] -->_____________________________________________________<!\u2013- [et_pb_br_holder] -\u2013><!-- [et_pb_line_break_holder] --><!\u2013- [et_pb_br_holder] -\u2013><!-- [et_pb_line_break_holder] -->Anschrift des\/der Verbraucher(s)<!\u2013- [et_pb_br_holder] -\u2013><!-- [et_pb_line_break_holder] --><!\u2013- [et_pb_br_holder] -\u2013><!-- [et_pb_line_break_holder] --><!\u2013- [et_pb_br_holder] -\u2013><!-- [et_pb_line_break_holder] -->_____________________________________________________<!\u2013- [et_pb_br_holder] -\u2013><!-- [et_pb_line_break_holder] --><!\u2013- [et_pb_br_holder] -\u2013><!-- [et_pb_line_break_holder] -->Unterschrift des\/der Verbraucher(s) (nur bei Mitteilung auf Papier)<!\u2013- [et_pb_br_holder] -\u2013><!-- [et_pb_line_break_holder] --><!\u2013- [et_pb_br_holder] -\u2013><!-- [et_pb_line_break_holder] -->__________________<!\u2013- [et_pb_br_holder] -\u2013><!-- [et_pb_line_break_holder] --><!\u2013- [et_pb_br_holder] -\u2013><!-- [et_pb_line_break_holder] -->Datum<!\u2013- [et_pb_br_holder] -\u2013><!-- [et_pb_line_break_holder] --><!\u2013- [et_pb_br_holder] -\u2013><!-- [et_pb_line_break_holder] -->__________________<!\u2013- [et_pb_br_holder] -\u2013><!-- [et_pb_line_break_holder] --><!\u2013- [et_pb_br_holder] -\u2013><!-- [et_pb_line_break_holder] --><\/div>\n<p><!-- [et_pb_line_break_holder] -->(*) Unzutreffendes streichen.<!\u2013- [et_pb_br_holder] -\u2013><!-- [et_pb_line_break_holder] --><!-- [et_pb_line_break_holder] --><!-- [et_pb_line_break_holder] --><!-- [et_pb_line_break_holder] --><!\u2013- [et_pb_br_holder] -\u2013><!-- [et_pb_line_break_holder] --><pee style=\"font-weight: bold; padding-bottom: 10px;\">\u00a78 Gew\u00e4hrleistung<!-- [et_pb_line_break_holder] --><\/pee><!-- [et_pb_line_break_holder] --><!-- [et_pb_line_break_holder] -->Es gelten die gesetzlichen Gew\u00e4hrleistungsregelungen.<!-- [et_pb_line_break_holder] --><!\u2013- [et_pb_br_holder] -\u2013><!-- [et_pb_line_break_holder] --><!-- [et_pb_line_break_holder] --><!-- [et_pb_line_break_holder] --><!\u2013- [et_pb_br_holder] -\u2013><!-- [et_pb_line_break_holder] --><pee style=\"font-weight: bold; padding-bottom: 10px;\">\u00a79 Vertragssprache<\/pee><!-- [et_pb_line_break_holder] --> Als Vertragssprache steht ausschlie\u00dflich Deutsch zur Verf\u00fcgung.<!\u2013- [et_pb_br_holder] -\u2013><!-- [et_pb_line_break_holder] --><!-- [et_pb_line_break_holder] --><!\u2013- [et_pb_br_holder] -\u2013><!-- [et_pb_line_break_holder] --><!\u2013- [et_pb_br_holder] -\u2013><!-- [et_pb_line_break_holder] --><pee>Stand der AGB Apr.2021<\/pee><!-- [et_pb_line_break_holder] --><!-- [et_pb_line_break_holder] --><pee><i><a href=\"http:\/\/www.agb.de\">Gratis AGB<\/a> erstellt von agb.de<\/i><\/pee>[\/et_pb_code][\/et_pb_column][\/et_pb_row][\/et_pb_section]<\/p>\n","protected":false},"excerpt":{"rendered":"<p>Allgemeine Gesch\u00e4ftsbedingungen (AGB)<div class=\"woocommerce woocommerce-gzd woocommerce-gzd-complaints-shortcode\">\n\t\t\t<h3>Alternative Streitbeilegung gem\u00e4\u00df Art. 14 Abs. 1 ODR-VO und \u00a7 36 VSBG:<\/h3>\n\t\nZur Teilnahme an einem Streitbeilegungsverfahren vor einer Verbraucherschlichtungsstelle sind wir nicht verpflichtet und nicht bereit.<\/div><\/p>\n","protected":false},"author":1,"featured_media":0,"parent":0,"menu_order":0,"comment_status":"closed","ping_status":"closed","template":"","meta":{"_et_pb_use_builder":"on","_et_pb_old_content":"","_et_gb_content_width":"2880","footnotes":""},"class_list":["post-30","page","type-page","status-publish","hentry"],"_links":{"self":[{"href":"https:\/\/www.spkeramik42.com\/index.php?rest_route=\/wp\/v2\/pages\/30","targetHints":{"allow":["GET"]}}],"collection":[{"href":"https:\/\/www.spkeramik42.com\/index.php?rest_route=\/wp\/v2\/pages"}],"about":[{"href":"https:\/\/www.spkeramik42.com\/index.php?rest_route=\/wp\/v2\/types\/page"}],"author":[{"embeddable":true,"href":"https:\/\/www.spkeramik42.com\/index.php?rest_route=\/wp\/v2\/users\/1"}],"replies":[{"embeddable":true,"href":"https:\/\/www.spkeramik42.com\/index.php?rest_route=%2Fwp%2Fv2%2Fcomments&post=30"}],"version-history":[{"count":4,"href":"https:\/\/www.spkeramik42.com\/index.php?rest_route=\/wp\/v2\/pages\/30\/revisions"}],"predecessor-version":[{"id":4932,"href":"https:\/\/www.spkeramik42.com\/index.php?rest_route=\/wp\/v2\/pages\/30\/revisions\/4932"}],"wp:attachment":[{"href":"https:\/\/www.spkeramik42.com\/index.php?rest_route=%2Fwp%2Fv2%2Fmedia&parent=30"}],"curies":[{"name":"wp","href":"https:\/\/api.w.org\/{rel}","templated":true}]}}