{"id":298,"date":"2021-04-19T10:16:10","date_gmt":"2021-04-19T08:16:10","guid":{"rendered":"https:\/\/www.spkeramik42.com\/?page_id=298"},"modified":"2021-05-04T19:44:42","modified_gmt":"2021-05-04T17:44:42","slug":"nachhaltige-verpackung-und-verarbeitung","status":"publish","type":"page","link":"https:\/\/www.spkeramik42.com\/?page_id=298","title":{"rendered":"Nachhaltige Verpackung und Verarbeitung"},"content":{"rendered":"<p>[et_pb_section fb_built=&#8220;1&#8243; admin_label=&#8220;Hero Section&#8220; _builder_version=&#8220;4.9.2&#8243; use_background_color_gradient=&#8220;on&#8220; background_color_gradient_start=&#8220;rgba(0,0,0,0.5)&#8220; background_color_gradient_end=&#8220;rgba(0,0,0,0)&#8220; background_color_gradient_overlays_image=&#8220;on&#8220; background_image=&#8220;https:\/\/www.spkeramik42.com\/wp-content\/uploads\/2021\/04\/subhero-3185-hell.jpg&#8220; parallax=&#8220;on&#8220; custom_margin=&#8220;|||&#8220; custom_padding=&#8220;8%||8%|&#8220;][et_pb_row _builder_version=&#8220;3.25&#8243; background_size=&#8220;initial&#8220; background_position=&#8220;top_left&#8220; background_repeat=&#8220;repeat&#8220;][et_pb_column type=&#8220;4_4&#8243; _builder_version=&#8220;3.25&#8243; custom_padding=&#8220;|||&#8220; custom_padding__hover=&#8220;|||&#8220;][et_pb_text content_tablet=&#8220;&#8220; content_phone=&#8220;&#8220; content_last_edited=&#8220;on|desktop&#8220; admin_label=&#8220;Title&#8220; _builder_version=&#8220;4.9.2&#8243; text_font=&#8220;Quattrocento||||||||&#8220; text_font_size=&#8220;22px&#8220; text_line_height=&#8220;2em&#8220; header_font=&#8220;Quattrocento|||on|||||&#8220; header_font_size=&#8220;40px&#8220; header_letter_spacing=&#8220;6px&#8220; header_line_height=&#8220;1.4em&#8220; max_width=&#8220;800px&#8220; module_alignment=&#8220;left&#8220; animation_style=&#8220;slide&#8220; animation_direction=&#8220;top&#8220; animation_intensity_slide=&#8220;3%&#8220; animation_starting_opacity=&#8220;100%&#8220; header_font_size_tablet=&#8220;40px&#8220; header_font_size_phone=&#8220;&#8220; header_font_size_last_edited=&#8220;on|tablet&#8220;]<\/p>\n<h1>Nachhaltige Verpackung und Verarbeitung<\/h1>\n<p>Nachhaltig und ressourcenschonend zu leben und zu arbeiten ist mir ein besonderes Anliegen. Daher verpacke ich meine Produkte plastikfrei und mit \u00f6kologischen Materialien. Ich versuche den CO2-Verbrauch so weit wie m\u00f6glich zu reduzieren.\u00a0<\/p>\n<p>[\/et_pb_text][\/et_pb_column][\/et_pb_row][\/et_pb_section][et_pb_section fb_built=&#8220;1&#8243; admin_label=&#8220;Text Section&#8220; _builder_version=&#8220;4.9.2&#8243; background_enable_image=&#8220;off&#8220; parallax=&#8220;on&#8220; custom_margin=&#8220;|||&#8220; custom_padding=&#8220;8%||8%|&#8220;][et_pb_row _builder_version=&#8220;3.25&#8243; background_size=&#8220;initial&#8220; background_position=&#8220;top_left&#8220; background_repeat=&#8220;repeat&#8220;][et_pb_column type=&#8220;4_4&#8243; _builder_version=&#8220;3.25&#8243; custom_padding=&#8220;|||&#8220; custom_padding__hover=&#8220;|||&#8220;][et_pb_text admin_label=&#8220;Title&#8220; _builder_version=&#8220;4.9.2&#8243; text_font=&#8220;Quattrocento||||||||&#8220; text_font_size=&#8220;22px&#8220; text_line_height=&#8220;2em&#8220; header_font=&#8220;Quattrocento|||on|||||&#8220; header_font_size=&#8220;80px&#8220; header_letter_spacing=&#8220;6px&#8220; header_line_height=&#8220;1.4em&#8220; max_width=&#8220;800px&#8220; module_alignment=&#8220;left&#8220; animation_style=&#8220;slide&#8220; animation_direction=&#8220;top&#8220; animation_intensity_slide=&#8220;3%&#8220; animation_starting_opacity=&#8220;100%&#8220; header_font_size_tablet=&#8220;40px&#8220; header_font_size_phone=&#8220;&#8220; header_font_size_last_edited=&#8220;on|tablet&#8220;]<\/p>\n<p>Die von mir verwendeten Verpackungschips in den Paketen sind zu 100 Prozent aus pflanzlicher Herkunft. Die umweltfreundlichen Chips aus Maisst\u00e4rke sind biologisch abbaubar und k\u00f6nnen \u00fcber den Biom\u00fcll entsorgt werden. Noch besser: Aufbewahren und das n\u00e4chste eigene Paket im Sinne der Wiederverwertung mit den Maischips bef\u00fcllen.<\/p>\n<p>Meinen Ofen betreibe ich selbstverst\u00e4ndlich mit \u00d6ko-Strom. Meinen Ton recycle ich und versuche so ressourcenschonend wie m\u00f6glich zu arbeiten.<\/p>\n<p>Meine Pakete versende ich CO2 neutral, zertifiziert durch das GoGreen Label der Deutschen Post.<\/p>\n<p>[\/et_pb_text][\/et_pb_column][\/et_pb_row][\/et_pb_section][et_pb_section fb_built=&#8220;1&#8243; _builder_version=&#8220;4.9.4&#8243; use_background_color_gradient=&#8220;on&#8220; background_color_gradient_start=&#8220;#ffffff&#8220; background_color_gradient_end=&#8220;rgba(255,255,255,0)&#8220; background_color_gradient_overlays_image=&#8220;on&#8220; background_image=&#8220;https:\/\/www.spkeramik42.com\/wp-content\/uploads\/2021\/04\/footerhero-3178-C.jpg&#8220; background_position=&#8220;top_center&#8220; custom_padding=&#8220;20%|0px|120px|0px&#8220; global_module=&#8220;182&#8243; saved_tabs=&#8220;all&#8220;][et_pb_row _builder_version=&#8220;3.25&#8243;][et_pb_column type=&#8220;4_4&#8243; _builder_version=&#8220;3.25&#8243; custom_padding=&#8220;|||&#8220; custom_padding__hover=&#8220;|||&#8220;][et_pb_social_media_follow _builder_version=&#8220;4.9.2&#8243; text_orientation=&#8220;center&#8220; locked=&#8220;off&#8220;][et_pb_social_media_follow_network social_network=&#8220;instagram&#8220; url=&#8220;https:\/\/www.instagram.com\/spkeramik42\/&#8220; _builder_version=&#8220;4.9.2&#8243; background_color=&#8220;rgba(0,0,0,0.26)&#8220; custom_margin=&#8220;8px|8px|8px|8px&#8220; custom_padding=&#8220;6px|6px|6px|6px&#8220; border_radii=&#8220;on||||&#8220; follow_button=&#8220;off&#8220; url_new_window=&#8220;on&#8220;]instagram[\/et_pb_social_media_follow_network][\/et_pb_social_media_follow][\/et_pb_column][\/et_pb_row][\/et_pb_section]<\/p>\n","protected":false},"excerpt":{"rendered":"<p>Nachhaltige Verpackung und Verarbeitung Nachhaltig und ressourcenschonend zu leben und zu arbeiten ist mir ein besonderes Anliegen. Daher verpacke ich meine Produkte plastikfrei und mit \u00f6kologischen Materialien. Ich versuche den CO2-Verbrauch so weit wie m\u00f6glich zu reduzieren.\u00a0Die von mir verwendeten Verpackungschips in den Paketen sind zu 100 Prozent aus pflanzlicher Herkunft. Die umweltfreundlichen Chips aus [&hellip;]<\/p>\n","protected":false},"author":1,"featured_media":0,"parent":0,"menu_order":0,"comment_status":"closed","ping_status":"closed","template":"","meta":{"_et_pb_use_builder":"on","_et_pb_old_content":"","_et_gb_content_width":"","footnotes":""},"class_list":["post-298","page","type-page","status-publish","hentry"],"_links":{"self":[{"href":"https:\/\/www.spkeramik42.com\/index.php?rest_route=\/wp\/v2\/pages\/298","targetHints":{"allow":["GET"]}}],"collection":[{"href":"https:\/\/www.spkeramik42.com\/index.php?rest_route=\/wp\/v2\/pages"}],"about":[{"href":"https:\/\/www.spkeramik42.com\/index.php?rest_route=\/wp\/v2\/types\/page"}],"author":[{"embeddable":true,"href":"https:\/\/www.spkeramik42.com\/index.php?rest_route=\/wp\/v2\/users\/1"}],"replies":[{"embeddable":true,"href":"https:\/\/www.spkeramik42.com\/index.php?rest_route=%2Fwp%2Fv2%2Fcomments&post=298"}],"version-history":[{"count":6,"href":"https:\/\/www.spkeramik42.com\/index.php?rest_route=\/wp\/v2\/pages\/298\/revisions"}],"predecessor-version":[{"id":509,"href":"https:\/\/www.spkeramik42.com\/index.php?rest_route=\/wp\/v2\/pages\/298\/revisions\/509"}],"wp:attachment":[{"href":"https:\/\/www.spkeramik42.com\/index.php?rest_route=%2Fwp%2Fv2%2Fmedia&parent=298"}],"curies":[{"name":"wp","href":"https:\/\/api.w.org\/{rel}","templated":true}]}}