{"id":268,"date":"2021-04-16T14:12:19","date_gmt":"2021-04-16T12:12:19","guid":{"rendered":"https:\/\/www.spkeramik42.com\/?page_id=268"},"modified":"2021-04-21T21:22:07","modified_gmt":"2021-04-21T19:22:07","slug":"entstehungsprozess","status":"publish","type":"page","link":"https:\/\/www.spkeramik42.com\/?page_id=268","title":{"rendered":"Entstehungsprozess"},"content":{"rendered":"<p>[et_pb_section fb_built=&#8220;1&#8243; admin_label=&#8220;Hero Section&#8220; _builder_version=&#8220;4.9.2&#8243; use_background_color_gradient=&#8220;on&#8220; background_color_gradient_start=&#8220;rgba(0,0,0,0.5)&#8220; background_color_gradient_end=&#8220;rgba(0,0,0,0)&#8220; background_color_gradient_overlays_image=&#8220;on&#8220; background_image=&#8220;https:\/\/www.spkeramik42.com\/wp-content\/uploads\/2021\/04\/subhero-3185-hell.jpg&#8220; parallax=&#8220;on&#8220; custom_margin=&#8220;|||&#8220; custom_padding=&#8220;8%||8%|&#8220;][et_pb_row _builder_version=&#8220;3.25&#8243; background_size=&#8220;initial&#8220; background_position=&#8220;top_left&#8220; background_repeat=&#8220;repeat&#8220;][et_pb_column type=&#8220;4_4&#8243; _builder_version=&#8220;3.25&#8243; custom_padding=&#8220;|||&#8220; custom_padding__hover=&#8220;|||&#8220;][et_pb_text content_tablet=&#8220;&#8220; content_phone=&#8220;&#8220; content_last_edited=&#8220;on|desktop&#8220; admin_label=&#8220;Title&#8220; _builder_version=&#8220;4.9.2&#8243; text_font=&#8220;Quattrocento||||||||&#8220; text_font_size=&#8220;22px&#8220; text_line_height=&#8220;2em&#8220; header_font=&#8220;Quattrocento|||on|||||&#8220; header_font_size=&#8220;40px&#8220; header_letter_spacing=&#8220;6px&#8220; header_line_height=&#8220;1.4em&#8220; max_width=&#8220;800px&#8220; module_alignment=&#8220;left&#8220; animation_style=&#8220;slide&#8220; animation_direction=&#8220;top&#8220; animation_intensity_slide=&#8220;3%&#8220; animation_starting_opacity=&#8220;100%&#8220; header_font_size_tablet=&#8220;40px&#8220; header_font_size_phone=&#8220;&#8220; header_font_size_last_edited=&#8220;on|tablet&#8220;]<\/p>\n<h1>Entstehungsprozess<\/h1>\n<p><strong>Alles beginnt mit einem St\u00fcck Erde \u2026<\/strong><\/p>\n<p>Meine Keramik entsteht in aufw\u00e4ndiger Handarbeit. Bis eine Tasse, eine Seifenschale oder eine Sch\u00fcssel zum Verkauf bereit ist, vergehen bis zu drei Wochen. Eine Vielzahl einzelner Arbeitsschritte ist notwendig und macht aus jedem St\u00fcck ein Unikat.<\/p>\n<p>[\/et_pb_text][\/et_pb_column][\/et_pb_row][\/et_pb_section][et_pb_section fb_built=&#8220;1&#8243; admin_label=&#8220;Text Section&#8220; _builder_version=&#8220;4.9.2&#8243; background_enable_image=&#8220;off&#8220; parallax=&#8220;on&#8220; custom_margin=&#8220;|||&#8220; custom_padding=&#8220;8%||8%|&#8220;][et_pb_row _builder_version=&#8220;3.25&#8243; background_size=&#8220;initial&#8220; background_position=&#8220;top_left&#8220; background_repeat=&#8220;repeat&#8220;][et_pb_column type=&#8220;4_4&#8243; _builder_version=&#8220;3.25&#8243; custom_padding=&#8220;|||&#8220; custom_padding__hover=&#8220;|||&#8220;][et_pb_text admin_label=&#8220;Title&#8220; _builder_version=&#8220;4.9.2&#8243; text_font=&#8220;Quattrocento||||||||&#8220; text_font_size=&#8220;22px&#8220; text_line_height=&#8220;2em&#8220; header_font=&#8220;Quattrocento|||on|||||&#8220; header_font_size=&#8220;80px&#8220; header_letter_spacing=&#8220;6px&#8220; header_line_height=&#8220;1.4em&#8220; max_width=&#8220;800px&#8220; module_alignment=&#8220;left&#8220; animation_style=&#8220;slide&#8220; animation_direction=&#8220;top&#8220; animation_intensity_slide=&#8220;3%&#8220; animation_starting_opacity=&#8220;100%&#8220; header_font_size_tablet=&#8220;40px&#8220; header_font_size_phone=&#8220;&#8220; header_font_size_last_edited=&#8220;on|tablet&#8220;]<\/p>\n<p>In meiner Werkstatt stelle ich Keramik in hochwertiger Handarbeit her, die mit einer gekauften Tasse in einem Gesch\u00e4ft f\u00fcr Geschirr nicht zu vergleichen ist \u2013 jedes einzelne Teil durchl\u00e4uft 12 Arbeitsschritte, bis es in einem ausgew\u00e4hlten Gesch\u00e4ft zum Verkauf bereit steht. Vorausgesetzt, es gelingt. Denn da es sich bei Ton um ein Naturprodukt handelt und das Herstellen ein individueller Prozess ist, f\u00fchrt nicht jeder Versuch automatisch zum Erfolg. Scheitern geh\u00f6rt zum Handwerk \u2013 diese Weisheit hat insbesondere im Keramikhandwerk seine Berechtigung.<\/p>\n<p>Ich verwende f\u00fcr meine Keramik ausschlie\u00dflich hochwertigen Ton aus dem Westerwald. Der Ton wird zu Beginn der Arbeit <strong>vorbereitet und geknetet,<\/strong> damit er homogen ist und keine Luftblasen mehr in der Masse sind. Als n\u00e4chstes wird der Ton <strong>gewogen.<\/strong> Damit jede Tasse und jede Sch\u00fcssel in einer ann\u00e4hernd vergleichbaren Gewichtsklasse einzuordnen ist, wird die zu verwendende Menge exakt berechnet.<\/p>\n<p>Im Anschluss nimmt der Ton durch viele verschiedene Handbewegungen auf der elektrischen T\u00f6pferscheibe seine Gestalt an. Ob Sch\u00fcssel, Tasse, Seifenschale oder Vase \u2013 jede Form erfordert handwerkliches Geschick. Diesen Prozess nennt man <strong>Drehen.<\/strong> In lederhartem Zustand wird jedes St\u00fcck auf der T\u00f6pferscheibe <strong>abgedreht,<\/strong> um seine endg\u00fcltige Form zu erthalten. Danach trocknet das St\u00fcck in meiner Werkstatt weiter. Wenn der Ton im Trocknungsprozess nicht rei\u00dft, was bei einem Naturprodukt immer vorkommen kann, steht als n\u00e4chstes das <strong>Bemalen<\/strong> auf dem Programm. Punkte auf einer Dotmug-Tasse werden auf den rohen Ton aufgetragen. Danach darf das Werkst\u00fcck vollst\u00e4ndig trocknen. Es folgt der <strong>Schr\u00fchbrand.<\/strong> In meinem Ofen wird das St\u00fcck bei rund 950 Grad geschr\u00fcht. Das kann bis zum \u00d6ffnen des Ofens rund 18 Stunden dauern.<\/p>\n<p>Nach dem Abk\u00fchlen wird das St\u00fcck <strong>gewaschen und ges\u00e4ubert.<\/strong> Das anschlie\u00dfende <strong>Wachsen<\/strong> f\u00fchrt dazu, dass der Boden beim <strong>Eintauchen in die Glasur<\/strong> frei bleibt. Sonst w\u00fcrde sie beim Brennen mit der Ofenplatte verschmelzen. Nachdem die Glasur gut getrocknet ist, d\u00fcrfen alle St\u00fccke in den Brennofen. Es folgt der zweite Brand \u2013 der <strong>Glasurbrand.<\/strong> Das Brennen bei ca. 1230 Grad macht die Keramik zur Steinzeugkeramik: Hart, lebensmittelecht, langlebig, ofenfest, mikrowellengeeignet und sp\u00fclmaschinenfest (Handw\u00e4sche ist nat\u00fcrlich trotzdem bevorzugt). Es dauert bis zu 40 Stunden, bis ich nach einem Glasurbrand in meiner Werkstatt den Ofen mit der Keramik wieder \u00f6ffnen kann.<\/p>\n<p>Das <strong>Abschleifen<\/strong> des Bodens eines Werkst\u00fccks als letzten von 12 Arbeitsschritten bildet den Abschluss des Herstellungsprozesses. Danach wird jedes St\u00fcck noch einmal in Augenschein genommen um zu pr\u00fcfen, ob es meinen Qualit\u00e4tsanspr\u00fcchen an Keramik gen\u00fcgt.<\/p>\n<p>[\/et_pb_text][\/et_pb_column][\/et_pb_row][\/et_pb_section][et_pb_section fb_built=&#8220;1&#8243; _builder_version=&#8220;4.9.2&#8243; use_background_color_gradient=&#8220;on&#8220; background_color_gradient_start=&#8220;#ffffff&#8220; background_color_gradient_end=&#8220;rgba(255,255,255,0)&#8220; background_color_gradient_overlays_image=&#8220;on&#8220; background_image=&#8220;https:\/\/www.spkeramik42.com\/wp-content\/uploads\/2021\/04\/footerhero-3178.jpg&#8220; background_position=&#8220;top_center&#8220; custom_padding=&#8220;20%|0px|120px|0px&#8220; global_module=&#8220;182&#8243;][et_pb_row _builder_version=&#8220;3.25&#8243;][et_pb_column type=&#8220;4_4&#8243; _builder_version=&#8220;3.25&#8243; custom_padding=&#8220;|||&#8220; custom_padding__hover=&#8220;|||&#8220;][et_pb_social_media_follow _builder_version=&#8220;4.9.2&#8243; text_orientation=&#8220;center&#8220; locked=&#8220;off&#8220;][et_pb_social_media_follow_network social_network=&#8220;instagram&#8220; url=&#8220;https:\/\/www.instagram.com\/spkeramik42\/&#8220; _builder_version=&#8220;4.9.2&#8243; background_color=&#8220;rgba(0,0,0,0.26)&#8220; custom_margin=&#8220;8px|8px|8px|8px&#8220; custom_padding=&#8220;6px|6px|6px|6px&#8220; border_radii=&#8220;on||||&#8220; follow_button=&#8220;off&#8220; url_new_window=&#8220;on&#8220;]instagram[\/et_pb_social_media_follow_network][\/et_pb_social_media_follow][\/et_pb_column][\/et_pb_row][\/et_pb_section]<\/p>\n","protected":false},"excerpt":{"rendered":"<p>Entstehungsprozess Alles beginnt mit einem St\u00fcck Erde \u2026 Meine Keramik entsteht in aufw\u00e4ndiger Handarbeit. Bis eine Tasse, eine Seifenschale oder eine Sch\u00fcssel zum Verkauf bereit ist, vergehen bis zu drei Wochen. Eine Vielzahl einzelner Arbeitsschritte ist notwendig und macht aus jedem St\u00fcck ein Unikat.In meiner Werkstatt stelle ich Keramik in hochwertiger Handarbeit her, die mit [&hellip;]<\/p>\n","protected":false},"author":1,"featured_media":0,"parent":0,"menu_order":0,"comment_status":"closed","ping_status":"closed","template":"","meta":{"_et_pb_use_builder":"on","_et_pb_old_content":"","_et_gb_content_width":"","footnotes":""},"class_list":["post-268","page","type-page","status-publish","hentry"],"_links":{"self":[{"href":"https:\/\/www.spkeramik42.com\/index.php?rest_route=\/wp\/v2\/pages\/268","targetHints":{"allow":["GET"]}}],"collection":[{"href":"https:\/\/www.spkeramik42.com\/index.php?rest_route=\/wp\/v2\/pages"}],"about":[{"href":"https:\/\/www.spkeramik42.com\/index.php?rest_route=\/wp\/v2\/types\/page"}],"author":[{"embeddable":true,"href":"https:\/\/www.spkeramik42.com\/index.php?rest_route=\/wp\/v2\/users\/1"}],"replies":[{"embeddable":true,"href":"https:\/\/www.spkeramik42.com\/index.php?rest_route=%2Fwp%2Fv2%2Fcomments&post=268"}],"version-history":[{"count":13,"href":"https:\/\/www.spkeramik42.com\/index.php?rest_route=\/wp\/v2\/pages\/268\/revisions"}],"predecessor-version":[{"id":447,"href":"https:\/\/www.spkeramik42.com\/index.php?rest_route=\/wp\/v2\/pages\/268\/revisions\/447"}],"wp:attachment":[{"href":"https:\/\/www.spkeramik42.com\/index.php?rest_route=%2Fwp%2Fv2%2Fmedia&parent=268"}],"curies":[{"name":"wp","href":"https:\/\/api.w.org\/{rel}","templated":true}]}}